{"id":6858,"date":"2017-05-30T01:31:26","date_gmt":"2017-05-29T23:31:26","guid":{"rendered":"http:\/\/betam.bahcesehir.edu.tr\/?page_id=6858\/"},"modified":"2017-05-30T01:43:42","modified_gmt":"2017-05-29T23:43:42","slug":"contact-us","status":"publish","type":"page","link":"https:\/\/betam.bahcesehir.edu.tr\/en\/about-us\/contact-us\/","title":{"rendered":"Contact Us"},"content":{"rendered":"<p>Address: BETAM Osmanpa\u015fa Mektebi Sokak No:4-6<br \/>\n34353 Be\u015fikta\u015f, \u0130STANBUL \/ T\u00dcRK\u0130YE<\/p>\n<p>Phone: +90 212 381 0499<\/p>\n<p>Fax: +90 212 381 0450<\/p>\n<p>Email:\u00a0<a href=\"mailto:betam@eas.bau.edu.tr\">betam@eas.bau.edu.tr<\/a><\/p>\n<p><a href=\"http:\/\/betam.bahcesehir.edu.tr\/wp-content\/uploads\/2009\/12\/clip_image002.gif\"><img loading=\"lazy\" decoding=\"async\" class=\"alignnone size-full wp-image-2871\" title=\"clip_image002\" src=\"http:\/\/betam.bahcesehir.edu.tr\/wp-content\/uploads\/2009\/12\/clip_image002.gif\" alt=\"\" width=\"23\" height=\"23\" \/><\/a> http:\/\/on.fb.me\/betam<\/p>\n<p><a href=\"http:\/\/betam.bahcesehir.edu.tr\/wp-content\/uploads\/2009\/12\/clip_image001.jpg\"><img loading=\"lazy\" decoding=\"async\" class=\"alignnone size-full wp-image-2870\" title=\"clip_image001\" src=\"http:\/\/betam.bahcesehir.edu.tr\/wp-content\/uploads\/2009\/12\/clip_image001.jpg\" alt=\"\" width=\"25\" height=\"25\" \/><\/a>www.twitter.com\/_Betam<\/p>\n","protected":false},"excerpt":{"rendered":"<p>Address: BETAM Osmanpa\u015fa Mektebi Sokak No:4-6 34353 Be\u015fikta\u015f, \u0130STANBUL \/ T\u00dcRK\u0130YE Phone: +90 212 381 0499 Fax: +90 212 381 0450 Email:\u00a0betam@eas.bau.edu.tr http:\/\/on.fb.me\/betam www.twitter.com\/_Betam<\/p>\n","protected":false},"author":1,"featured_media":0,"parent":6856,"menu_order":0,"comment_status":"open","ping_status":"open","template":"","meta":{"footnotes":""},"class_list":["post-6858","page","type-page","status-publish","hentry"],"_links":{"self":[{"href":"https:\/\/betam.bahcesehir.edu.tr\/en\/wp-json\/wp\/v2\/pages\/6858","targetHints":{"allow":["GET"]}}],"collection":[{"href":"https:\/\/betam.bahcesehir.edu.tr\/en\/wp-json\/wp\/v2\/pages"}],"about":[{"href":"https:\/\/betam.bahcesehir.edu.tr\/en\/wp-json\/wp\/v2\/types\/page"}],"author":[{"embeddable":true,"href":"https:\/\/betam.bahcesehir.edu.tr\/en\/wp-json\/wp\/v2\/users\/1"}],"replies":[{"embeddable":true,"href":"https:\/\/betam.bahcesehir.edu.tr\/en\/wp-json\/wp\/v2\/comments?post=6858"}],"version-history":[{"count":4,"href":"https:\/\/betam.bahcesehir.edu.tr\/en\/wp-json\/wp\/v2\/pages\/6858\/revisions"}],"predecessor-version":[{"id":6875,"href":"https:\/\/betam.bahcesehir.edu.tr\/en\/wp-json\/wp\/v2\/pages\/6858\/revisions\/6875"}],"up":[{"embeddable":true,"href":"https:\/\/betam.bahcesehir.edu.tr\/en\/wp-json\/wp\/v2\/pages\/6856"}],"wp:attachment":[{"href":"https:\/\/betam.bahcesehir.edu.tr\/en\/wp-json\/wp\/v2\/media?parent=6858"}],"curies":[{"name":"wp","href":"https:\/\/api.w.org\/{rel}","templated":true}]}}