{"id":6835,"date":"2017-05-30T01:24:23","date_gmt":"2017-05-29T23:24:23","guid":{"rendered":"http:\/\/betam.bahcesehir.edu.tr\/?page_id=6835\/"},"modified":"2017-05-30T01:24:23","modified_gmt":"2017-05-29T23:24:23","slug":"executive-board","status":"publish","type":"page","link":"https:\/\/betam.bahcesehir.edu.tr\/en\/about-us\/executive-board\/","title":{"rendered":"Executive Board"},"content":{"rendered":"<p>Elif \u00c7EPN\u0130<\/p>\n<p>Y\u0131lmaz ESMER<\/p>\n<p>Seyfettin G\u00dcRSEL<\/p>\n<p>Haluk G\u00dcRGEN<\/p>\n<p>G\u00f6k\u00e7e UYSAL-KOLA\u015eIN<\/p>\n","protected":false},"excerpt":{"rendered":"<p>Elif \u00c7EPN\u0130 Y\u0131lmaz ESMER Seyfettin G\u00dcRSEL Haluk G\u00dcRGEN G\u00f6k\u00e7e UYSAL-KOLA\u015eIN<\/p>\n","protected":false},"author":1,"featured_media":0,"parent":6856,"menu_order":0,"comment_status":"open","ping_status":"open","template":"","meta":{"footnotes":""},"class_list":["post-6835","page","type-page","status-publish","hentry"],"_links":{"self":[{"href":"https:\/\/betam.bahcesehir.edu.tr\/en\/wp-json\/wp\/v2\/pages\/6835","targetHints":{"allow":["GET"]}}],"collection":[{"href":"https:\/\/betam.bahcesehir.edu.tr\/en\/wp-json\/wp\/v2\/pages"}],"about":[{"href":"https:\/\/betam.bahcesehir.edu.tr\/en\/wp-json\/wp\/v2\/types\/page"}],"author":[{"embeddable":true,"href":"https:\/\/betam.bahcesehir.edu.tr\/en\/wp-json\/wp\/v2\/users\/1"}],"replies":[{"embeddable":true,"href":"https:\/\/betam.bahcesehir.edu.tr\/en\/wp-json\/wp\/v2\/comments?post=6835"}],"version-history":[{"count":1,"href":"https:\/\/betam.bahcesehir.edu.tr\/en\/wp-json\/wp\/v2\/pages\/6835\/revisions"}],"predecessor-version":[{"id":6836,"href":"https:\/\/betam.bahcesehir.edu.tr\/en\/wp-json\/wp\/v2\/pages\/6835\/revisions\/6836"}],"up":[{"embeddable":true,"href":"https:\/\/betam.bahcesehir.edu.tr\/en\/wp-json\/wp\/v2\/pages\/6856"}],"wp:attachment":[{"href":"https:\/\/betam.bahcesehir.edu.tr\/en\/wp-json\/wp\/v2\/media?parent=6835"}],"curies":[{"name":"wp","href":"https:\/\/api.w.org\/{rel}","templated":true}]}}