{"id":6832,"date":"2017-05-30T01:23:42","date_gmt":"2017-05-29T23:23:42","guid":{"rendered":"http:\/\/betam.bahcesehir.edu.tr\/?page_id=6832\/"},"modified":"2017-05-30T01:49:25","modified_gmt":"2017-05-29T23:49:25","slug":"advisory-board","status":"publish","type":"page","link":"https:\/\/betam.bahcesehir.edu.tr\/en\/about-us\/advisory-board\/","title":{"rendered":"Advisory Board"},"content":{"rendered":"<p>Asaf Sava\u015f Akat (\u0130stanbul Bilgi University)<\/p>\n<p>Beril Dedeo\u011flu (Galatasaray University)<\/p>\n<p>Cengiz Aktar (Bah\u00e7e\u015fehir University)<\/p>\n<p>Deniz \u00dclke Ar\u0131bo\u011fan (\u0130stanbul Bilgi University)<\/p>\n<p>Eser Karaka\u015f (Bah\u00e7e\u015fehir University)<\/p>\n<p>Fuat Keyman (Sabanc\u0131 University)<\/p>\n<p>Haluk Levent (Galatasaray University)<\/p>\n<p>\u0130nsan Tunal\u0131 (Ko\u00e7 University)<\/p>\n<p>\u0130lkay Sunar (Bah\u00e7e\u015fehir University)<\/p>\n<p>\u0130zak Atiyas (Sabanc\u0131 University)<\/p>\n<p>Kamil Y\u0131lmaz (Ko\u00e7 University)<\/p>\n<p>Kemal Kiri\u015f\u00e7i (Bo\u011fazi\u00e7i University)<\/p>\n<p>Necip \u00c7ak\u0131r (Bah\u00e7e\u015fehir University)<\/p>\n<p>Nurhan Yent\u00fcrk (\u0130stanbul Bilgi University)<\/p>\n<p>\u00d6ner G\u00fcn\u00e7avd\u0131 ( \u0130stanbul Teknik University)<\/p>\n<p>Seyfettin G\u00fcrsel (Bah\u00e7e\u015fehir University)<\/p>\n<p>Taner Berksoy (Okan University)<\/p>\n<p>\u00dcmit Erol (Bah\u00e7e\u015fehir University)<\/p>\n<p>Y\u0131lmaz Esmer (Bah\u00e7e\u015fehir University)<\/p>\n<p>Ziya \u00d6ni\u015f (Ko\u00e7 University)<\/p>\n","protected":false},"excerpt":{"rendered":"<p>Asaf Sava\u015f Akat (\u0130stanbul Bilgi University) Beril Dedeo\u011flu (Galatasaray University) Cengiz Aktar (Bah\u00e7e\u015fehir University) Deniz \u00dclke Ar\u0131bo\u011fan (\u0130stanbul Bilgi University) Eser Karaka\u015f (Bah\u00e7e\u015fehir University) Fuat Keyman (Sabanc\u0131 University) Haluk Levent (Galatasaray University) \u0130nsan Tunal\u0131 (Ko\u00e7 University) \u0130lkay Sunar (Bah\u00e7e\u015fehir University) \u0130zak Atiyas (Sabanc\u0131 University) Kamil Y\u0131lmaz (Ko\u00e7 University) Kemal Kiri\u015f\u00e7i (Bo\u011fazi\u00e7i University) Necip \u00c7ak\u0131r (Bah\u00e7e\u015fehir [&hellip;]<\/p>\n","protected":false},"author":1,"featured_media":0,"parent":6856,"menu_order":0,"comment_status":"open","ping_status":"open","template":"","meta":{"footnotes":""},"class_list":["post-6832","page","type-page","status-publish","hentry"],"_links":{"self":[{"href":"https:\/\/betam.bahcesehir.edu.tr\/en\/wp-json\/wp\/v2\/pages\/6832","targetHints":{"allow":["GET"]}}],"collection":[{"href":"https:\/\/betam.bahcesehir.edu.tr\/en\/wp-json\/wp\/v2\/pages"}],"about":[{"href":"https:\/\/betam.bahcesehir.edu.tr\/en\/wp-json\/wp\/v2\/types\/page"}],"author":[{"embeddable":true,"href":"https:\/\/betam.bahcesehir.edu.tr\/en\/wp-json\/wp\/v2\/users\/1"}],"replies":[{"embeddable":true,"href":"https:\/\/betam.bahcesehir.edu.tr\/en\/wp-json\/wp\/v2\/comments?post=6832"}],"version-history":[{"count":2,"href":"https:\/\/betam.bahcesehir.edu.tr\/en\/wp-json\/wp\/v2\/pages\/6832\/revisions"}],"predecessor-version":[{"id":6876,"href":"https:\/\/betam.bahcesehir.edu.tr\/en\/wp-json\/wp\/v2\/pages\/6832\/revisions\/6876"}],"up":[{"embeddable":true,"href":"https:\/\/betam.bahcesehir.edu.tr\/en\/wp-json\/wp\/v2\/pages\/6856"}],"wp:attachment":[{"href":"https:\/\/betam.bahcesehir.edu.tr\/en\/wp-json\/wp\/v2\/media?parent=6832"}],"curies":[{"name":"wp","href":"https:\/\/api.w.org\/{rel}","templated":true}]}}