{"id":6828,"date":"2017-05-30T01:21:55","date_gmt":"2017-05-29T23:21:55","guid":{"rendered":"http:\/\/betam.bahcesehir.edu.tr\/?page_id=6828\/"},"modified":"2026-03-02T11:54:56","modified_gmt":"2026-03-02T08:54:56","slug":"our-team","status":"publish","type":"page","link":"https:\/\/betam.bahcesehir.edu.tr\/en\/about-us\/our-team\/","title":{"rendered":"Our Team"},"content":{"rendered":"<p><a href=\"osmanreha.yolalan@bau.edu.tr\"><strong>Prof. Dr. Osman Reha Yolalan<\/strong><\/a> <em><strong>Director\u00a0<\/strong><\/em><\/p>\n<p><strong><a href=\"mailto:seyfettin.gursel@eas.bau.edu.tr\">Prof. Dr. Seyfettin G\u00fcrsel<\/a><\/strong><\/p>\n<p><strong><a href=\"mailto:gokhansahin.gunes@eas.bau.edu.tr\">Dr. G\u00f6khan \u015eahin G\u00fcne\u015f<\/a><\/strong> <em><strong>Senior Researcher<\/strong><\/em><\/p>\n<p><a href=\"mailto:luis.pinedo@bau.edu.tr\"><strong>Dr. Luis Pinedo Caro<\/strong><\/a> <em><strong>Senior Researcher<\/strong><\/em><\/p>\n<p><strong><a href=\"mailto:saliha.tanriverdi@bau.edu.tr\">Dr. Saliha Tanr\u0131verdi<\/a> <em>Research Assistant\u00a0<\/em><\/strong><\/p>\n<p><strong><a href=\"mailto:alpata.turkoglu@bau.edu.tr\">Alp Ata T\u00fcrko\u011flu<\/a><\/strong><em><strong>\u00a0Research Assistant<\/strong><\/em><\/p>\n<p><a href=\"mailto:merve.akgul@eas.bau.edu.tr\"><strong>Merve Akg\u00fcl<\/strong>\u00a0\u00a0<\/a><strong><em>Coordinator- Research Assistant<\/em><\/strong><\/p>\n","protected":false},"excerpt":{"rendered":"<p>Prof. Dr. Osman Reha Yolalan Director\u00a0 Prof. Dr. Seyfettin G\u00fcrsel Dr. G\u00f6khan \u015eahin G\u00fcne\u015f Senior Researcher Dr. Luis Pinedo Caro Senior Researcher Dr. Saliha Tanr\u0131verdi Research Assistant\u00a0 Alp Ata T\u00fcrko\u011flu\u00a0Research Assistant Merve Akg\u00fcl\u00a0\u00a0Coordinator- Research Assistant<\/p>\n","protected":false},"author":1,"featured_media":0,"parent":6856,"menu_order":0,"comment_status":"closed","ping_status":"closed","template":"","meta":{"footnotes":""},"class_list":["post-6828","page","type-page","status-publish","hentry"],"_links":{"self":[{"href":"https:\/\/betam.bahcesehir.edu.tr\/en\/wp-json\/wp\/v2\/pages\/6828","targetHints":{"allow":["GET"]}}],"collection":[{"href":"https:\/\/betam.bahcesehir.edu.tr\/en\/wp-json\/wp\/v2\/pages"}],"about":[{"href":"https:\/\/betam.bahcesehir.edu.tr\/en\/wp-json\/wp\/v2\/types\/page"}],"author":[{"embeddable":true,"href":"https:\/\/betam.bahcesehir.edu.tr\/en\/wp-json\/wp\/v2\/users\/1"}],"replies":[{"embeddable":true,"href":"https:\/\/betam.bahcesehir.edu.tr\/en\/wp-json\/wp\/v2\/comments?post=6828"}],"version-history":[{"count":16,"href":"https:\/\/betam.bahcesehir.edu.tr\/en\/wp-json\/wp\/v2\/pages\/6828\/revisions"}],"predecessor-version":[{"id":13147,"href":"https:\/\/betam.bahcesehir.edu.tr\/en\/wp-json\/wp\/v2\/pages\/6828\/revisions\/13147"}],"up":[{"embeddable":true,"href":"https:\/\/betam.bahcesehir.edu.tr\/en\/wp-json\/wp\/v2\/pages\/6856"}],"wp:attachment":[{"href":"https:\/\/betam.bahcesehir.edu.tr\/en\/wp-json\/wp\/v2\/media?parent=6828"}],"curies":[{"name":"wp","href":"https:\/\/api.w.org\/{rel}","templated":true}]}}